{"id":34,"date":"2025-03-26T22:07:47","date_gmt":"2025-03-26T21:07:47","guid":{"rendered":"https:\/\/urgence-emergence.fr\/?page_id=34"},"modified":"2025-03-26T22:28:45","modified_gmt":"2025-03-26T21:28:45","slug":"initiatives","status":"publish","type":"page","link":"https:\/\/urgence-emergence.fr\/index.php\/initiatives\/","title":{"rendered":"\u00ab\u00a0Initiatives\u00a0\u00bb"},"content":{"rendered":"\n<p>Par ordre chronologique <\/p>\n\n\n\n<figure class=\"wp-block-image size-full\"><img loading=\"lazy\" decoding=\"async\" width=\"1024\" height=\"1024\" src=\"https:\/\/urgence-emergence.fr\/wp-content\/uploads\/2025\/03\/Emergensemble.png\" alt=\"\" class=\"wp-image-35\" srcset=\"https:\/\/urgence-emergence.fr\/wp-content\/uploads\/2025\/03\/Emergensemble.png 1024w, https:\/\/urgence-emergence.fr\/wp-content\/uploads\/2025\/03\/Emergensemble-300x300.png 300w, https:\/\/urgence-emergence.fr\/wp-content\/uploads\/2025\/03\/Emergensemble-150x150.png 150w, https:\/\/urgence-emergence.fr\/wp-content\/uploads\/2025\/03\/Emergensemble-768x768.png 768w\" sizes=\"auto, (max-width: 1024px) 100vw, 1024px\" \/><figcaption class=\"wp-element-caption\">Un temps d\u2019\u00e9change pour envisager ensemble l\u2019avenir suivi de la Boum de l\u2019Emergence pour se r\u00e9unir, se r\u00e9chauffer, cr\u00e9er du lien, danser. C\u2019est dans les moments les plus sombres que le collectif gronde.<br><br>Au programme :<br>\u00c9changes autour des solutions pour l&rsquo;\u00e9mergence (en pr\u00e9sence de partenaires)<br>Jeu de rencontre inter-compagnies emergentes<br>Sc\u00e8ne ouverte<br>DJ set<\/figcaption><\/figure>\n\n\n\n<figure class=\"wp-block-image size-large\"><img loading=\"lazy\" decoding=\"async\" width=\"1024\" height=\"1024\" src=\"https:\/\/urgence-emergence.fr\/wp-content\/uploads\/2025\/03\/tous-les-mois-5-1024x1024.png\" alt=\"\" class=\"wp-image-36\" srcset=\"https:\/\/urgence-emergence.fr\/wp-content\/uploads\/2025\/03\/tous-les-mois-5-1024x1024.png 1024w, https:\/\/urgence-emergence.fr\/wp-content\/uploads\/2025\/03\/tous-les-mois-5-300x300.png 300w, https:\/\/urgence-emergence.fr\/wp-content\/uploads\/2025\/03\/tous-les-mois-5-150x150.png 150w, https:\/\/urgence-emergence.fr\/wp-content\/uploads\/2025\/03\/tous-les-mois-5-768x768.png 768w, https:\/\/urgence-emergence.fr\/wp-content\/uploads\/2025\/03\/tous-les-mois-5.png 1080w\" sizes=\"auto, (max-width: 1024px) 100vw, 1024px\" \/><figcaption class=\"wp-element-caption\">A la suite des temps de paroles, nous proposons de nous emparer des questionnements qui ont guid\u00e9 ces 5 rendez-vous avec les outils qui sont les n\u00f4tres : ceux de la cr\u00e9ation. Repartir des id\u00e9es, de utopies folles, des images chaleureuses, des m\u00e9taphores \u00e9clairantes, pour d\u00e9placer le propos avec po\u00e9sie et engagement. A chaque rendez-vous, nous nous lancerons depuis la lettre-r\u00e9sum\u00e9 qui avait d\u00e9coul\u00e9 de chacune de ces r\u00e9unions pass\u00e9es, pour en tirer une mati\u00e8re artisane-artistique : dessin, texte, performance, photographie, vid\u00e9o, tout est possible !&nbsp;<br><br>Pourquoi ?&nbsp;<br>L\u2019horizon, c\u2019est de r\u00e9unir ces questions en chantier, ces chantiers \u00e9mergents, pour et par nous, dans un fanzine, physique ou virtuel, qui soit une trace vivante et subjective de ce travail qui est le n\u00f4tre. Comme un paysage peint ensemble.&nbsp;<br><br>O\u00f9 ?&nbsp;<br>Au Th\u00e9\u00e2tre \u00e0 Dur\u00e9e Ind\u00e9termin\u00e9e&nbsp;<a href=\"https:\/\/www.instagram.com\/tdi_20e\/\">@tdi_20e<\/a>&nbsp;38 Rue des Amandiers 75020 PARIS<br><br>Quand ? Quoi ?&nbsp;<br>De14h \u00e0 18h<br><br>Samedi 3 f\u00e9vrier 2024 =<br>&nbsp;COMMENT ON TRAVAILLE DANS L&rsquo;\u00c9MERGENCE ?<br><br>Samedi 30 mars =&nbsp;QU\u2019EST-CE QUE FAIRE \u00c9QUIPE ?<br><br>Samedi 20 avril =&nbsp;&nbsp;COMMENT ENTRETENIR UN TERRAIN SAIN ET FERTIL ENTRE \u00c9MERGENT\u00b7E\u00b7S ?<br><br>Samedi 4 mai =&nbsp;SOMMES-NOUS TOU\u00b7TE\u00b7S LES M\u00caMES \u00c9MERGENT\u00b7E\u00b7S ?&nbsp;<br><br>Samedi 1 juin =&nbsp;&nbsp;QUI A BESOIN DE L&rsquo;\u00c9MERGENCE ?<br><br>SAMEDI 21 SEPTEMBRE &#8211; DERNIER CHANTIER : CONCLUSION ET SUITE !<\/figcaption><\/figure>\n\n\n\n<figure class=\"wp-block-image size-large\"><img loading=\"lazy\" decoding=\"async\" width=\"1024\" height=\"1024\" src=\"https:\/\/urgence-emergence.fr\/wp-content\/uploads\/2025\/03\/tous-les-mois-3-1024x1024.png\" alt=\"\" class=\"wp-image-37\" srcset=\"https:\/\/urgence-emergence.fr\/wp-content\/uploads\/2025\/03\/tous-les-mois-3-1024x1024.png 1024w, https:\/\/urgence-emergence.fr\/wp-content\/uploads\/2025\/03\/tous-les-mois-3-300x300.png 300w, https:\/\/urgence-emergence.fr\/wp-content\/uploads\/2025\/03\/tous-les-mois-3-150x150.png 150w, https:\/\/urgence-emergence.fr\/wp-content\/uploads\/2025\/03\/tous-les-mois-3-768x768.png 768w, https:\/\/urgence-emergence.fr\/wp-content\/uploads\/2025\/03\/tous-les-mois-3.png 1080w\" sizes=\"auto, (max-width: 1024px) 100vw, 1024px\" \/><figcaption class=\"wp-element-caption\">TEMPS DE PAROLES :<br>Chers et ch\u00e8res \u00e9mergent\u00b7e\u00b7s,<br><br>Toutes et tous, nous nous trouvons trop souvent isol\u00e9\u00b7e\u00b7s dans nos parcours de porteur\u00b7euse\u00b7s de projets. Lorsque nous nous rencontrons, nous ne nous autorisons que rarement \u00e0 \u00e9voquer tout ce qui, \u00e0 cette place si particuli\u00e8re du\u00b7de la porteur\u00b7euse de projet, semble nous emp\u00eacher d\u2019avancer et ce qui nous motive.<br>Au sein du collectif Urgence \u00c9mergence, nous avons constat\u00e9 que ce besoin \u00e9tait criant, et nous avons d\u00e9cid\u00e9 de nous offrir un espace pour toutes ces paroles-l\u00e0. L\u2019id\u00e9e est simplement la suivante : pouvoir chacun\u00b7ne s\u2019exprimer pour tenter de sortir de cet isolement. C\u2019est un endroit de dialogue sans enjeu de r\u00e9seau. Le b\u00e9n\u00e9volat, \u00e7a nous conna\u00eet, alors pour une fois donnons-nous aussi du temps pour \u00e9changer ensemble, faire le point sur ce m\u00e9tier, sur nos mani\u00e8res de le vivre et sur les possibilit\u00e9s qui, du fait d\u2019\u00eatre ensemble, s\u2019offrent \u00e0 nous !&nbsp;<\/figcaption><\/figure>\n\n\n\n<figure class=\"wp-block-image size-large\"><img loading=\"lazy\" decoding=\"async\" width=\"1024\" height=\"1024\" src=\"https:\/\/urgence-emergence.fr\/wp-content\/uploads\/2025\/03\/1-1024x1024.png\" alt=\"\" class=\"wp-image-38\" srcset=\"https:\/\/urgence-emergence.fr\/wp-content\/uploads\/2025\/03\/1-1024x1024.png 1024w, https:\/\/urgence-emergence.fr\/wp-content\/uploads\/2025\/03\/1-300x300.png 300w, https:\/\/urgence-emergence.fr\/wp-content\/uploads\/2025\/03\/1-150x150.png 150w, https:\/\/urgence-emergence.fr\/wp-content\/uploads\/2025\/03\/1-768x768.png 768w, https:\/\/urgence-emergence.fr\/wp-content\/uploads\/2025\/03\/1.png 1080w\" sizes=\"auto, (max-width: 1024px) 100vw, 1024px\" \/><figcaption class=\"wp-element-caption\">Invitiation du festival off : permanences d&rsquo;\u00e9coute-rencontre, coup de pouce \u00e0 la communication, pr\u00e9sentations de notre chartre \u00e9thique de bon accueil de l&rsquo;\u00e9mergence.<\/figcaption><\/figure>\n\n\n\n<figure class=\"wp-block-image size-large\"><img loading=\"lazy\" decoding=\"async\" width=\"1024\" height=\"1024\" src=\"https:\/\/urgence-emergence.fr\/wp-content\/uploads\/2025\/03\/passerelles-en-quelques-chiffres-Instagram-Post-Square-1024x1024.png\" alt=\"\" class=\"wp-image-39\" srcset=\"https:\/\/urgence-emergence.fr\/wp-content\/uploads\/2025\/03\/passerelles-en-quelques-chiffres-Instagram-Post-Square-1024x1024.png 1024w, https:\/\/urgence-emergence.fr\/wp-content\/uploads\/2025\/03\/passerelles-en-quelques-chiffres-Instagram-Post-Square-300x300.png 300w, https:\/\/urgence-emergence.fr\/wp-content\/uploads\/2025\/03\/passerelles-en-quelques-chiffres-Instagram-Post-Square-150x150.png 150w, https:\/\/urgence-emergence.fr\/wp-content\/uploads\/2025\/03\/passerelles-en-quelques-chiffres-Instagram-Post-Square-768x768.png 768w, https:\/\/urgence-emergence.fr\/wp-content\/uploads\/2025\/03\/passerelles-en-quelques-chiffres-Instagram-Post-Square.png 1080w\" sizes=\"auto, (max-width: 1024px) 100vw, 1024px\" \/><figcaption class=\"wp-element-caption\">Proposition in\u00e9dite en France, n\u00e9e suite \u00e0 la rencontre avec la CDN de Montreuil lors des occupations du printemps 2021. Sur 2 jours, entretiens sur mesure, rencontre avec des pros, tables rondes &amp; consultations.<\/figcaption><\/figure>\n\n\n\n<p><\/p>\n","protected":false},"excerpt":{"rendered":"<p>Par ordre chronologique<\/p>\n","protected":false},"author":1,"featured_media":0,"parent":0,"menu_order":0,"comment_status":"closed","ping_status":"closed","template":"","meta":{"footnotes":""},"class_list":["post-34","page","type-page","status-publish","hentry"],"_links":{"self":[{"href":"https:\/\/urgence-emergence.fr\/index.php\/wp-json\/wp\/v2\/pages\/34","targetHints":{"allow":["GET"]}}],"collection":[{"href":"https:\/\/urgence-emergence.fr\/index.php\/wp-json\/wp\/v2\/pages"}],"about":[{"href":"https:\/\/urgence-emergence.fr\/index.php\/wp-json\/wp\/v2\/types\/page"}],"author":[{"embeddable":true,"href":"https:\/\/urgence-emergence.fr\/index.php\/wp-json\/wp\/v2\/users\/1"}],"replies":[{"embeddable":true,"href":"https:\/\/urgence-emergence.fr\/index.php\/wp-json\/wp\/v2\/comments?post=34"}],"version-history":[{"count":3,"href":"https:\/\/urgence-emergence.fr\/index.php\/wp-json\/wp\/v2\/pages\/34\/revisions"}],"predecessor-version":[{"id":44,"href":"https:\/\/urgence-emergence.fr\/index.php\/wp-json\/wp\/v2\/pages\/34\/revisions\/44"}],"wp:attachment":[{"href":"https:\/\/urgence-emergence.fr\/index.php\/wp-json\/wp\/v2\/media?parent=34"}],"curies":[{"name":"wp","href":"https:\/\/api.w.org\/{rel}","templated":true}]}}